{"id":266,"date":"2022-12-19T13:09:19","date_gmt":"2022-12-19T13:09:19","guid":{"rendered":"https:\/\/orange-iplik.com\/index.php\/urun\/"},"modified":"2023-01-19T13:41:17","modified_gmt":"2023-01-19T13:41:17","slug":"urun","status":"publish","type":"page","link":"https:\/\/orange-iplik.com\/tr\/index.php\/urun\/","title":{"rendered":"\u00dcr\u00fcn:"},"content":{"rendered":"\t\t<div data-elementor-type=\"wp-page\" data-elementor-id=\"266\" class=\"elementor elementor-266 elementor-135\">\n\t\t\t\t\t\t\t\t\t<section class=\"wd-negative-gap elementor-section elementor-top-section elementor-element elementor-element-1ec0287 elementor-section-boxed elementor-section-height-default elementor-section-height-default wd-section-disabled\" data-id=\"1ec0287\" data-element_type=\"section\">\n\t\t\t\t\t\t<div class=\"elementor-container elementor-column-gap-default\">\n\t\t\t\t\t<div class=\"elementor-column elementor-col-100 elementor-top-column elementor-element elementor-element-9b015d4\" data-id=\"9b015d4\" data-element_type=\"column\">\n\t\t\t<div class=\"elementor-widget-wrap elementor-element-populated\">\n\t\t\t\t\t\t\t\t<div class=\"elementor-element elementor-element-b9b79a7 elementor-widget elementor-widget-slider_revolution\" data-id=\"b9b79a7\" data-element_type=\"widget\" data-widget_type=\"slider_revolution.default\">\n\t\t\t\t<div class=\"elementor-widget-container\">\n\t\t\t\r\n\t\t<div class=\"wp-block-themepunch-revslider\">\n\t\t\t<!-- START Rockable Hero1 1 1 REVOLUTION SLIDER 6.5.25 --><p class=\"rs-p-wp-fix\"><\/p>\n\t\t\t<rs-module-wrap id=\"welcome_wrapper\" data-source=\"gallery\" style=\"visibility:hidden;background:#222222;padding:0;margin:0px auto;margin-top:0;margin-bottom:0;\">\n\t\t\t\t<rs-module id=\"welcome\" style=\"\" data-version=\"6.5.25\">\n\t\t\t\t\t<rs-slides>\n\t\t\t\t\t\t<rs-slide style=\"position: absolute;\" data-key=\"rs-20\" data-title=\"Slide\" data-in=\"o:0;\">\n\t\t\t\t\t\t\t<img decoding=\"async\" src=\"\/\/orange-iplik.com\/wp-content\/plugins\/revslider\/public\/assets\/assets\/dummy.png\" alt=\"\" title=\"IMG_3366_14.jpeg\" width=\"1280\" height=\"720\" class=\"rev-slidebg tp-rs-img rs-lazyload\" data-lazyload=\"\/\/orange-iplik.com\/wp-content\/uploads\/revslider\/video-media\/IMG_3366_14.jpeg\" data-no-retina>\n\t\t\t\t\t\t\t<rs-bgvideo \n\t\t\t\t\t\t\t\tdata-video=\"w:100%;h:100%;nse:false;l:true;ptimer:false;vfc:true;\"\n\t\t\t\t\t\t\t\tdata-mp4=\"\/\/orange-iplik.com\/wp-content\/uploads\/2022\/12\/IMG_3366.mov\"\n\t\t\t\t\t\t\t><\/rs-bgvideo>\n<!--\n\t\t\t\t\t\t\t--><rs-layer\n\t\t\t\t\t\t\t\tid=\"slider-4-slide-20-layer-2\" \n\t\t\t\t\t\t\t\tclass=\"rev-btn\"\n\t\t\t\t\t\t\t\tdata-type=\"button\"\n\t\t\t\t\t\t\t\tdata-xy=\"xo:1036px,855px,649px,400px;yo:480px,396px,300px,185px;\"\n\t\t\t\t\t\t\t\tdata-text=\"w:normal;s:23,18,13,8;l:49,40,30,18;fw:500;\"\n\t\t\t\t\t\t\t\tdata-dim=\"minh:0,none,none,none;\"\n\t\t\t\t\t\t\t\tdata-rsp_o=\"off\"\n\t\t\t\t\t\t\t\tdata-rsp_bd=\"off\"\n\t\t\t\t\t\t\t\tdata-padding=\"r:31,26,20,12;l:31,26,20,12;\"\n\t\t\t\t\t\t\t\tdata-border=\"bor:16px,16px,16px,16px;\"\n\t\t\t\t\t\t\t\tdata-frame_999=\"o:0;st:w;\"\n\t\t\t\t\t\t\t\tdata-frame_hover=\"c:#fff;bgc:#f39a38;boc:transparent;bor:16px,16px,16px,16px;\"\n\t\t\t\t\t\t\t\tstyle=\"z-index:14;background-color:#f39a38;font-family:'Tahoma', 'Geneva', 'sans-serif';\"\n\t\t\t\t\t\t\t>Look more \n\t\t\t\t\t\t\t<\/rs-layer><!--\n\n\t\t\t\t\t\t\t--><rs-layer\n\t\t\t\t\t\t\t\tid=\"slider-4-slide-20-layer-3\" \n\t\t\t\t\t\t\t\tdata-type=\"shape\"\n\t\t\t\t\t\t\t\tdata-xy=\"xo:-222px;yo:-100px;\"\n\t\t\t\t\t\t\t\tdata-text=\"w:normal;\"\n\t\t\t\t\t\t\t\tdata-dim=\"w:1562px;h:1003px;\"\n\t\t\t\t\t\t\t\tdata-rsp_o=\"off\"\n\t\t\t\t\t\t\t\tdata-rsp_bd=\"off\"\n\t\t\t\t\t\t\t\tdata-frame_999=\"o:0;st:w;\"\n\t\t\t\t\t\t\t\tstyle=\"z-index:8;background-color:rgba(0,0,0,0.5);\"\n\t\t\t\t\t\t\t> \n\t\t\t\t\t\t\t<\/rs-layer><!--\n\n\t\t\t\t\t\t\t--><rs-layer\n\t\t\t\t\t\t\t\tid=\"slider-4-slide-20-layer-19\" \n\t\t\t\t\t\t\t\tdata-type=\"text\"\n\t\t\t\t\t\t\t\tdata-color=\"#fdf2de\"\n\t\t\t\t\t\t\t\tdata-xy=\"xo:538px,444px,337px,207px;yo:170px,140px,106px,65px;\"\n\t\t\t\t\t\t\t\tdata-text=\"w:normal;s:70,57,43,26;l:79,65,49,30;ls:2,1,0,0;fw:500;\"\n\t\t\t\t\t\t\t\tdata-dim=\"w:780,644,489,301;minh:0,none,none,none;\"\n\t\t\t\t\t\t\t\tdata-rsp_o=\"off\"\n\t\t\t\t\t\t\t\tdata-rsp_bd=\"off\"\n\t\t\t\t\t\t\t\tdata-clip=\"u:true;t:circle;o:cv;\"\n\t\t\t\t\t\t\t\tdata-frame_0=\"x:0%;o:1;cp:0%;\"\n\t\t\t\t\t\t\t\tdata-frame_1=\"sX:1.1;sY:1.1;sp:3000;cp:70%;\"\n\t\t\t\t\t\t\t\tdata-frame_999=\"o:0;st:w;sR:3000;\"\n\t\t\t\t\t\t\t\tstyle=\"z-index:12;font-family:'Tahoma', 'Geneva', 'sans-serif';\"\n\t\t\t\t\t\t\t>We bring perfection with care \n\t\t\t\t\t\t\t<\/rs-layer><!--\n\n\t\t\t\t\t\t\t--><rs-layer\n\t\t\t\t\t\t\t\tid=\"slider-4-slide-20-layer-21\" \n\t\t\t\t\t\t\t\tdata-type=\"text\"\n\t\t\t\t\t\t\t\tdata-color=\"#fff\"\n\t\t\t\t\t\t\t\tdata-xy=\"xo:540px,445px,338px,208px;yo:356px,293px,222px,136px;\"\n\t\t\t\t\t\t\t\tdata-text=\"w:normal;s:25,20,15,9;l:32,26,19,11;ls:1,0,0,0;fw:300;\"\n\t\t\t\t\t\t\t\tdata-dim=\"w:668,551,418,257;minh:0,none,none,none;\"\n\t\t\t\t\t\t\t\tdata-rsp_o=\"off\"\n\t\t\t\t\t\t\t\tdata-rsp_bd=\"off\"\n\t\t\t\t\t\t\t\tdata-clip=\"u:true;t:circle;o:cv;\"\n\t\t\t\t\t\t\t\tdata-frame_0=\"x:0%;o:1;cp:0%;\"\n\t\t\t\t\t\t\t\tdata-frame_1=\"sX:1.1;sY:1.1;sp:3000;cp:70%;\"\n\t\t\t\t\t\t\t\tdata-frame_999=\"o:0;st:w;sR:3000;\"\n\t\t\t\t\t\t\t\tstyle=\"z-index:13;font-family:'Raleway';\"\n\t\t\t\t\t\t\t>We know that we are part of the cycle of life and we want to <br \/>\nraise awareness and be part of the change.<br \/>\n \n\t\t\t\t\t\t\t<\/rs-layer><!--\n-->\t\t\t\t\t\t<\/rs-slide>\n\t\t\t\t\t<\/rs-slides>\n\t\t\t\t\t<rs-static-layers><!--\n\t\t\t\t\t--><\/rs-static-layers>\n\t\t\t\t<\/rs-module>\n\t\t\t\t<script>\n\t\t\t\t\tsetREVStartSize({c: 'welcome',rl:[1240,1024,778,480],el:[900,768,600,450],gw:[1240,1024,778,480],gh:[900,768,600,550],type:'standard',justify:'',layout:'fullwidth',mh:\"0\"});if (window.RS_MODULES!==undefined && window.RS_MODULES.modules!==undefined && window.RS_MODULES.modules[\"welcome\"]!==undefined) {window.RS_MODULES.modules[\"welcome\"].once = false;window.revapi4 = undefined;if (window.RS_MODULES.checkMinimal!==undefined) window.RS_MODULES.checkMinimal()}\n\t\t\t\t<\/script>\n\t\t\t<\/rs-module-wrap>\n\t\t\t<!-- END REVOLUTION SLIDER -->\n<\/div>\r\n\r\n\t\t\t\t<\/div>\n\t\t\t\t<\/div>\n\t\t\t\t\t<\/div>\n\t\t<\/div>\n\t\t\t\t\t\t\t<\/div>\n\t\t<\/section>\n\t\t\t\t<section class=\"elementor-section elementor-top-section elementor-element elementor-element-f0d46da elementor-section-full_width elementor-section-height-min-height elementor-section-stretched elementor-section-height-default elementor-section-items-middle wd-section-disabled\" data-id=\"f0d46da\" data-element_type=\"section\" data-settings=\"{&quot;stretch_section&quot;:&quot;section-stretched&quot;,&quot;background_background&quot;:&quot;classic&quot;}\">\n\t\t\t\t\t\t<div class=\"elementor-container elementor-column-gap-default\">\n\t\t\t\t\t<div class=\"elementor-column elementor-col-50 elementor-top-column elementor-element elementor-element-30315cf\" data-id=\"30315cf\" data-element_type=\"column\">\n\t\t\t<div class=\"elementor-widget-wrap elementor-element-populated\">\n\t\t\t\t\t\t\t\t<div class=\"elementor-element elementor-element-abd568f elementor-widget elementor-widget-heading\" data-id=\"abd568f\" data-element_type=\"widget\" data-widget_type=\"heading.default\">\n\t\t\t\t<div class=\"elementor-widget-container\">\n\t\t\t<style>\/*! elementor - v3.9.1 - 14-12-2022 *\/\n.elementor-heading-title{padding:0;margin:0;line-height:1}.elementor-widget-heading .elementor-heading-title[class*=elementor-size-]>a{color:inherit;font-size:inherit;line-height:inherit}.elementor-widget-heading .elementor-heading-title.elementor-size-small{font-size:15px}.elementor-widget-heading .elementor-heading-title.elementor-size-medium{font-size:19px}.elementor-widget-heading .elementor-heading-title.elementor-size-large{font-size:29px}.elementor-widget-heading .elementor-heading-title.elementor-size-xl{font-size:39px}.elementor-widget-heading .elementor-heading-title.elementor-size-xxl{font-size:59px}<\/style><h2 class=\"elementor-heading-title elementor-size-default\">POY \u0130PL\u0130K<\/h2>\t\t<\/div>\n\t\t\t\t<\/div>\n\t\t\t\t<div class=\"elementor-element elementor-element-df09a4d color-scheme-inherit text-left elementor-widget elementor-widget-text-editor\" data-id=\"df09a4d\" data-element_type=\"widget\" data-widget_type=\"text-editor.default\">\n\t\t\t\t<div class=\"elementor-widget-container\">\n\t\t\t<style>\/*! elementor - v3.9.1 - 14-12-2022 *\/\n.elementor-widget-text-editor.elementor-drop-cap-view-stacked .elementor-drop-cap{background-color:#818a91;color:#fff}.elementor-widget-text-editor.elementor-drop-cap-view-framed .elementor-drop-cap{color:#818a91;border:3px solid;background-color:transparent}.elementor-widget-text-editor:not(.elementor-drop-cap-view-default) .elementor-drop-cap{margin-top:8px}.elementor-widget-text-editor:not(.elementor-drop-cap-view-default) .elementor-drop-cap-letter{width:1em;height:1em}.elementor-widget-text-editor .elementor-drop-cap{float:left;text-align:center;line-height:1;font-size:50px}.elementor-widget-text-editor .elementor-drop-cap-letter{display:inline-block}<\/style>\t\t\t\t<p>\u0130plik \u00dcretim B\u00f6l\u00fcm\u00fc:<\/p><p>150 numaral\u0131 polyester iplik \u00fcretimi, ham beyaz veya \u00c7\u00d6KME (enjekte edilmi\u015f veya \u00e7\u00f6z\u00fclm\u00fc\u015f)<br \/>300 numaral\u0131 polyester iplik \u00fcretimi, ham beyaz, \u00c7\u00d6KME veya renkli \u00c7\u00d6KME ile kar\u0131\u015f\u0131k (enjeksiyonlu veya \u00e7\u00f6z\u00fclm\u00fc\u015f)<br \/>450 numaral\u0131 polyester iplik \u00fcretimi, ham beyaz, \u00c7\u00d6KME veya renkli \u00c7\u00d6KME ile kar\u0131\u015f\u0131k (enjeksiyonlu veya \u00e7\u00f6z\u00fclm\u00fc\u015f)<br \/>600 numaral\u0131 polyester iplik \u00fcretimi, ham beyaz, \u00c7\u00d6KME veya renkli \u00c7\u00d6KME ile kar\u0131\u015ft\u0131r\u0131lm\u0131\u015f (enjekte edilmi\u015f veya \u00e7\u00f6z\u00fclm\u00fc\u015f)<br \/>900 numaral\u0131 polyester iplik \u00fcretimi, ham beyaz, \u00c7\u00d6KME veya renkli \u00c7\u00d6KME ile kar\u0131\u015ft\u0131r\u0131lm\u0131\u015f (enjekte edilmi\u015f veya \u00e7\u00f6z\u00fclm\u00fc\u015f)<br \/>1200 numaral\u0131 polyester iplik \u00fcretimi, ham beyaz, \u00c7\u00d6KME veya renkli \u00c7\u00d6KME ile kar\u0131\u015f\u0131k (enjeksiyonlu veya \u00e7\u00f6z\u00fclm\u00fc\u015f)<br \/>1350 numaral\u0131 polyester iplik \u00fcretimi, ham beyaz, \u00c7\u00d6KME veya renkli \u00c7\u00d6KME ile kar\u0131\u015f\u0131k (enjeksiyonlu veya \u00e7\u00f6z\u00fclm\u00fc\u015f)<br \/>1500 numaral\u0131 polyester iplik \u00fcretimi, ham beyaz, \u00c7\u00d6KME veya renkli \u00c7\u00d6KME ile kar\u0131\u015f\u0131k (enjeksiyonlu veya \u00e7\u00f6z\u00fclm\u00fc\u015f)<br \/>1800 numaral\u0131 polyester iplik \u00fcretimi, ham beyaz, \u00c7\u00d6KME veya renkli \u00c7\u00d6KME ile kar\u0131\u015f\u0131k (enjekte edilmi\u015f veya \u00e7\u00f6z\u00fclm\u00fc\u015f)<br \/>2400 numaral\u0131 polyester iplik \u00fcretimi, ham beyaz, \u00c7\u00d6KME veya renkli \u00c7\u00d6KME ile kar\u0131\u015f\u0131k (enjeksiyonlu veya \u00e7\u00f6z\u00fclm\u00fc\u015f)<\/p>\t\t\t\t\t\t<\/div>\n\t\t\t\t<\/div>\n\t\t\t\t\t<\/div>\n\t\t<\/div>\n\t\t\t\t<div class=\"elementor-column elementor-col-50 elementor-top-column elementor-element elementor-element-b94d6a5\" data-id=\"b94d6a5\" data-element_type=\"column\">\n\t\t\t<div class=\"elementor-widget-wrap elementor-element-populated\">\n\t\t\t\t\t\t\t\t<div class=\"elementor-element elementor-element-2f59caf elementor-widget elementor-widget-wd_image_or_svg\" data-id=\"2f59caf\" data-element_type=\"widget\" data-widget_type=\"wd_image_or_svg.default\">\n\t\t\t\t<div class=\"elementor-widget-container\">\n\t\t\t\n\t\t<div class=\"wd-image text-left\">\n\t\t\t\t\t\t\t\t<img width=\"1171\" height=\"1080\" src=\"https:\/\/orange-iplik.com\/wp-content\/uploads\/2023\/01\/2-3-Large.jpg\" class=\"attachment-full size-full wp-image-363\" alt=\"\" decoding=\"async\" loading=\"lazy\" srcset=\"https:\/\/orange-iplik.com\/wp-content\/uploads\/2023\/01\/2-3-Large.jpg 1171w, https:\/\/orange-iplik.com\/wp-content\/uploads\/2023\/01\/2-3-Large-300x277.jpg 300w, https:\/\/orange-iplik.com\/wp-content\/uploads\/2023\/01\/2-3-Large-1024x944.jpg 1024w, https:\/\/orange-iplik.com\/wp-content\/uploads\/2023\/01\/2-3-Large-768x708.jpg 768w\" sizes=\"(max-width: 1171px) 100vw, 1171px\" \/>\t\t\t\t\t<\/div>\n\n\t\t\t\t<\/div>\n\t\t\t\t<\/div>\n\t\t\t\t\t<\/div>\n\t\t<\/div>\n\t\t\t\t\t\t\t<\/div>\n\t\t<\/section>\n\t\t\t\t<section class=\"elementor-section elementor-top-section elementor-element elementor-element-ea4562d elementor-section-full_width elementor-section-height-min-height elementor-section-stretched elementor-section-height-default elementor-section-items-middle wd-section-disabled\" data-id=\"ea4562d\" data-element_type=\"section\" data-settings=\"{&quot;stretch_section&quot;:&quot;section-stretched&quot;,&quot;background_background&quot;:&quot;classic&quot;}\">\n\t\t\t\t\t\t<div class=\"elementor-container elementor-column-gap-default\">\n\t\t\t\t\t<div class=\"elementor-column elementor-col-50 elementor-top-column elementor-element elementor-element-2208b58\" data-id=\"2208b58\" data-element_type=\"column\">\n\t\t\t<div class=\"elementor-widget-wrap elementor-element-populated\">\n\t\t\t\t\t\t\t\t<div class=\"elementor-element elementor-element-5ad33e9 elementor-widget elementor-widget-wd_image_or_svg\" data-id=\"5ad33e9\" data-element_type=\"widget\" data-widget_type=\"wd_image_or_svg.default\">\n\t\t\t\t<div class=\"elementor-widget-container\">\n\t\t\t\n\t\t<div class=\"wd-image text-left\">\n\t\t\t\t\t\t\t\t<img width=\"1280\" height=\"720\" src=\"https:\/\/orange-iplik.com\/wp-content\/uploads\/2022\/12\/photo_2022-12-19_15-47-43.jpg\" class=\"attachment-full size-full wp-image-138\" alt=\"\" decoding=\"async\" loading=\"lazy\" srcset=\"https:\/\/orange-iplik.com\/wp-content\/uploads\/2022\/12\/photo_2022-12-19_15-47-43.jpg 1280w, https:\/\/orange-iplik.com\/wp-content\/uploads\/2022\/12\/photo_2022-12-19_15-47-43-300x169.jpg 300w, https:\/\/orange-iplik.com\/wp-content\/uploads\/2022\/12\/photo_2022-12-19_15-47-43-1024x576.jpg 1024w, https:\/\/orange-iplik.com\/wp-content\/uploads\/2022\/12\/photo_2022-12-19_15-47-43-768x432.jpg 768w\" sizes=\"(max-width: 1280px) 100vw, 1280px\" \/>\t\t\t\t\t<\/div>\n\n\t\t\t\t<\/div>\n\t\t\t\t<\/div>\n\t\t\t\t\t<\/div>\n\t\t<\/div>\n\t\t\t\t<div class=\"elementor-column elementor-col-50 elementor-top-column elementor-element elementor-element-5a66863\" data-id=\"5a66863\" data-element_type=\"column\">\n\t\t\t<div class=\"elementor-widget-wrap elementor-element-populated\">\n\t\t\t\t\t\t\t\t<div class=\"elementor-element elementor-element-4cc34ac color-scheme-inherit text-left elementor-widget elementor-widget-text-editor\" data-id=\"4cc34ac\" data-element_type=\"widget\" data-widget_type=\"text-editor.default\">\n\t\t\t\t<div class=\"elementor-widget-container\">\n\t\t\t\t\t\t\t<p>150 numara polyester iplik sat\u0131\u015f\u0131, renkli veya \u00c7\u00d6KME (enjeksiyonlu veya tuzsuz)<br \/>300 numaral\u0131 polyester iplik sat\u0131\u015f\u0131, renkli, \u00c7\u00d6KME veya \u00c7\u00d6KME kar\u0131\u015f\u0131m\u0131 (enjeksiyonlu veya s\u0131k\u0131\u015ft\u0131r\u0131lm\u0131\u015f)<br \/>450 numaral\u0131 polyester iplik sat\u0131\u015f\u0131, renkli, \u00c7\u00d6KME veya \u00c7\u00d6KME kar\u0131\u015f\u0131m\u0131 (enjeksiyonlu veya s\u0131k\u0131\u015ft\u0131r\u0131lm\u0131\u015f)<br \/>600 numaral\u0131 polyester iplik sat\u0131\u015f\u0131, renkli, \u00c7\u00d6KME veya \u00c7\u00d6KME kar\u0131\u015f\u0131m\u0131 (enjekte edilmi\u015f veya \u00e7\u00f6z\u00fclm\u00fc\u015f)<br \/>900 numaral\u0131 polyester iplik sat\u0131\u015f\u0131, renkli, \u00c7\u00d6KME veya \u00c7\u00d6KME kar\u0131\u015f\u0131m\u0131 (enjekte edilmi\u015f veya \u00e7\u00f6z\u00fclm\u00fc\u015f)<br \/>1200 numara polyester iplik sat\u0131\u015f\u0131, renkli, jukma veya kar\u0131\u015f\u0131k jukma (enjeksiyonlu veya sol\u00fcsyon)<br \/>1500 numara polyester iplik sat\u0131\u015f\u0131, renkli, jukma veya kar\u0131\u015f\u0131k jukma (enjeksiyonlu veya s\u0131k\u0131\u015ft\u0131r\u0131lm\u0131\u015f)<br \/>1800 numaral\u0131 polyester iplik sat\u0131\u015f\u0131, renkli, jukma veya kar\u0131\u015f\u0131k jukma (enjeksiyonlu veya s\u0131k\u0131\u015ft\u0131r\u0131lm\u0131\u015f)<br \/>2400 numara polyester iplik sat\u0131\u015f\u0131, renkli, jukma veya kar\u0131\u015f\u0131k jukma (enjeksiyonlu veya s\u0131k\u0131\u015ft\u0131r\u0131lm\u0131\u015f)<\/p>\t\t\t\t\t\t<\/div>\n\t\t\t\t<\/div>\n\t\t\t\t\t<\/div>\n\t\t<\/div>\n\t\t\t\t\t\t\t<\/div>\n\t\t<\/section>\n\t\t\t\t<section class=\"elementor-section elementor-top-section elementor-element elementor-element-49f4d93 elementor-section-full_width elementor-section-height-min-height elementor-section-stretched elementor-section-height-default elementor-section-items-middle wd-section-disabled\" data-id=\"49f4d93\" data-element_type=\"section\" data-settings=\"{&quot;stretch_section&quot;:&quot;section-stretched&quot;,&quot;background_background&quot;:&quot;classic&quot;}\">\n\t\t\t\t\t\t<div class=\"elementor-container elementor-column-gap-default\">\n\t\t\t\t\t<div class=\"elementor-column elementor-col-50 elementor-top-column elementor-element elementor-element-6caf58f\" data-id=\"6caf58f\" data-element_type=\"column\">\n\t\t\t<div class=\"elementor-widget-wrap elementor-element-populated\">\n\t\t\t\t\t\t\t\t<div class=\"elementor-element elementor-element-bd03873 elementor-widget elementor-widget-heading\" data-id=\"bd03873\" data-element_type=\"widget\" data-widget_type=\"heading.default\">\n\t\t\t\t<div class=\"elementor-widget-container\">\n\t\t\t<h2 class=\"elementor-heading-title elementor-size-default\">RENKL\u0130 POY \u0130PL\u0130K<\/h2>\t\t<\/div>\n\t\t\t\t<\/div>\n\t\t\t\t<div class=\"elementor-element elementor-element-ab98b0f color-scheme-inherit text-left elementor-widget elementor-widget-text-editor\" data-id=\"ab98b0f\" data-element_type=\"widget\" data-widget_type=\"text-editor.default\">\n\t\t\t\t<div class=\"elementor-widget-container\">\n\t\t\t\t\t\t\t<p>Boyahane B\u00f6l\u00fcm\u00fc: Her t\u00fcrl\u00fc polyester ipli\u011fin boyanmas\u0131<br \/>\nEn yeni makineler ve y\u00f6ntemlerle<br \/>\n(Normal veya b\u00fck\u00fcml\u00fc iplik, her \u00e7e\u015fit ve renkte)<\/p>\n\t\t\t\t\t\t<\/div>\n\t\t\t\t<\/div>\n\t\t\t\t\t<\/div>\n\t\t<\/div>\n\t\t\t\t<div class=\"elementor-column elementor-col-50 elementor-top-column elementor-element elementor-element-f9b611d\" data-id=\"f9b611d\" data-element_type=\"column\">\n\t\t\t<div class=\"elementor-widget-wrap elementor-element-populated\">\n\t\t\t\t\t\t\t\t<div class=\"elementor-element elementor-element-75ade04 elementor-widget elementor-widget-wd_image_or_svg\" data-id=\"75ade04\" data-element_type=\"widget\" data-widget_type=\"wd_image_or_svg.default\">\n\t\t\t\t<div class=\"elementor-widget-container\">\n\t\t\t\n\t\t<div class=\"wd-image text-left\">\n\t\t\t\t\t\t\t\t<img width=\"1280\" height=\"640\" src=\"https:\/\/orange-iplik.com\/wp-content\/uploads\/2022\/12\/photo_2022-12-19_15-47-36.jpg\" class=\"attachment-full size-full wp-image-141\" alt=\"\" decoding=\"async\" loading=\"lazy\" srcset=\"https:\/\/orange-iplik.com\/wp-content\/uploads\/2022\/12\/photo_2022-12-19_15-47-36.jpg 1280w, https:\/\/orange-iplik.com\/wp-content\/uploads\/2022\/12\/photo_2022-12-19_15-47-36-300x150.jpg 300w, https:\/\/orange-iplik.com\/wp-content\/uploads\/2022\/12\/photo_2022-12-19_15-47-36-1024x512.jpg 1024w, https:\/\/orange-iplik.com\/wp-content\/uploads\/2022\/12\/photo_2022-12-19_15-47-36-768x384.jpg 768w\" sizes=\"(max-width: 1280px) 100vw, 1280px\" \/>\t\t\t\t\t<\/div>\n\n\t\t\t\t<\/div>\n\t\t\t\t<\/div>\n\t\t\t\t\t<\/div>\n\t\t<\/div>\n\t\t\t\t\t\t\t<\/div>\n\t\t<\/section>\n\t\t\t\t\t\t\t<\/div>\n\t\t","protected":false},"excerpt":{"rendered":"<p>POY \u0130PL\u0130K \u0130plik \u00dcretim B\u00f6l\u00fcm\u00fc: 150 numaral\u0131 polyester iplik \u00fcretimi, ham beyaz veya \u00c7\u00d6KME (enjekte edilmi\u015f veya \u00e7\u00f6z\u00fclm\u00fc\u015f)300 numaral\u0131 polyester<\/p>\n","protected":false},"author":1,"featured_media":0,"parent":0,"menu_order":0,"comment_status":"closed","ping_status":"closed","template":"","meta":[],"_links":{"self":[{"href":"https:\/\/orange-iplik.com\/tr\/index.php\/wp-json\/wp\/v2\/pages\/266"}],"collection":[{"href":"https:\/\/orange-iplik.com\/tr\/index.php\/wp-json\/wp\/v2\/pages"}],"about":[{"href":"https:\/\/orange-iplik.com\/tr\/index.php\/wp-json\/wp\/v2\/types\/page"}],"author":[{"embeddable":true,"href":"https:\/\/orange-iplik.com\/tr\/index.php\/wp-json\/wp\/v2\/users\/1"}],"replies":[{"embeddable":true,"href":"https:\/\/orange-iplik.com\/tr\/index.php\/wp-json\/wp\/v2\/comments?post=266"}],"version-history":[{"count":5,"href":"https:\/\/orange-iplik.com\/tr\/index.php\/wp-json\/wp\/v2\/pages\/266\/revisions"}],"predecessor-version":[{"id":375,"href":"https:\/\/orange-iplik.com\/tr\/index.php\/wp-json\/wp\/v2\/pages\/266\/revisions\/375"}],"wp:attachment":[{"href":"https:\/\/orange-iplik.com\/tr\/index.php\/wp-json\/wp\/v2\/media?parent=266"}],"curies":[{"name":"wp","href":"https:\/\/api.w.org\/{rel}","templated":true}]}}